{"id":54,"date":"2024-07-24T22:01:05","date_gmt":"2024-07-24T20:01:05","guid":{"rendered":"https:\/\/lecollectifdigital.diapale.me\/?page_id=54"},"modified":"2024-10-20T22:35:13","modified_gmt":"2024-10-20T20:35:13","slug":"nos-services","status":"publish","type":"page","link":"https:\/\/lecollectifdigital.lysiana.com\/index.php\/nos-services\/","title":{"rendered":"Nos Services"},"content":{"rendered":"\t\t<div data-elementor-type=\"wp-page\" data-elementor-id=\"54\" class=\"elementor elementor-54\">\n\t\t\t\t<div class=\"elementor-element elementor-element-00b5206 e-flex e-con-boxed e-con e-parent\" data-id=\"00b5206\" data-element_type=\"container\" data-e-type=\"container\" data-settings=\"{&quot;background_background&quot;:&quot;classic&quot;}\">\n\t\t\t\t\t<div class=\"e-con-inner\">\n\t\t\t\t\t<\/div>\n\t\t\t\t<\/div>\n\t\t<div class=\"elementor-element elementor-element-92bcd79 e-flex e-con-boxed e-con e-parent\" data-id=\"92bcd79\" data-element_type=\"container\" data-e-type=\"container\" data-settings=\"{&quot;background_background&quot;:&quot;classic&quot;}\">\n\t\t\t\t\t<div class=\"e-con-inner\">\n\t\t\t\t<div class=\"elementor-element elementor-element-0cb75e2 elementor-widget elementor-widget-heading\" data-id=\"0cb75e2\" data-element_type=\"widget\" data-e-type=\"widget\" data-widget_type=\"heading.default\">\n\t\t\t\t<div class=\"elementor-widget-container\">\n\t\t\t\t\t<h1 class=\"elementor-heading-title elementor-size-default\">Nos services sur mesure<\/h1>\t\t\t\t<\/div>\n\t\t\t\t<\/div>\n\t\t\t\t<div class=\"elementor-element elementor-element-7f2e9e1 elementor-widget elementor-widget-text-editor\" data-id=\"7f2e9e1\" data-element_type=\"widget\" data-e-type=\"widget\" data-widget_type=\"text-editor.default\">\n\t\t\t\t<div class=\"elementor-widget-container\">\n\t\t\t\t\t\t\t\t\tIntroduction :\nQue votre besoin concerne un domaine particulier ou que vous ayez besoin d\u2019une \u00e9quipe pluridisciplinaire, l&rsquo;agence Le Collectif Digital r\u00e9pondra \u00e0 vos besoins.\nNos responsables de p\u00f4le ont suivi un process de s\u00e9lection des meilleurs freelances pour garantir qualit\u00e9, r\u00e9activit\u00e9 et souplesse au service de votre activit\u00e9.\nNous coordonnons les diff\u00e9rents intervenants tout en garantissant leur autonomie conform\u00e9ment \u00e0 leur statut. Nous sommes apporteurs d\u2019affaire et facilitateurs dans la r\u00e9ussite de votre projet.\t\t\t\t\t\t\t\t<\/div>\n\t\t\t\t<\/div>\n\t\t\t\t\t<\/div>\n\t\t\t\t<\/div>\n\t\t<div class=\"elementor-element elementor-element-9245a40 e-flex e-con-boxed e-con e-parent\" data-id=\"9245a40\" data-element_type=\"container\" data-e-type=\"container\">\n\t\t\t\t\t<div class=\"e-con-inner\">\n\t\t<div class=\"elementor-element elementor-element-536da66 e-con-full e-flex e-con e-child\" data-id=\"536da66\" data-element_type=\"container\" data-e-type=\"container\">\n\t\t\t\t<div class=\"elementor-element elementor-element-462bfdc elementor-widget elementor-widget-image\" data-id=\"462bfdc\" data-element_type=\"widget\" data-e-type=\"widget\" data-widget_type=\"image.default\">\n\t\t\t\t<div class=\"elementor-widget-container\">\n\t\t\t\t\t\t\t\t\t\t\t\t\t\t\t\t<a href=\"https:\/\/lecollectifdigital.lysiana.com\/index.php\/services-gestion-projet\/\">\n\t\t\t\t\t\t\t<img fetchpriority=\"high\" decoding=\"async\" width=\"300\" height=\"200\" src=\"https:\/\/lecollectifdigital.lysiana.com\/wp-content\/uploads\/2024\/07\/gestion-projet-300x200.jpg\" class=\"attachment-medium size-medium wp-image-40\" alt=\"Service Gestion Projet Agence Le Collectif Digital\" \/>\t\t\t\t\t\t\t\t<\/a>\n\t\t\t\t\t\t\t\t\t\t\t\t\t\t\t<\/div>\n\t\t\t\t<\/div>\n\t\t\t\t<div class=\"elementor-element elementor-element-e530040 elementor-widget elementor-widget-text-editor\" data-id=\"e530040\" data-element_type=\"widget\" data-e-type=\"widget\" data-widget_type=\"text-editor.default\">\n\t\t\t\t<div class=\"elementor-widget-container\">\n\t\t\t\t\t\t\t\t\t<h3><a href=\"https:\/\/lecollectifdigital.lysiana.com\/index.php\/services-gestion-projet\/\">Gestion de Projet<\/a><\/h3>\nVous souhaitez \u00eatre accompagn\u00e9 dans la d\u00e9finition ou le pilotage d\u2019un projet. Nous\nma\u00eetrisons l\u2019int\u00e9gralit\u00e9 des m\u00e9thodologies de projet, du cycle en V aux m\u00e9thodologies agiles les plus it\u00e9ratives et inclusives. Audit, refonte, cr\u00e9ation d\u2019un site ou d\u2019une application ? Nous\nsommes \u00e0 votre disposition pour r\u00e9pondre \u00e0 vos besoins.\t\t\t\t\t\t\t\t<\/div>\n\t\t\t\t<\/div>\n\t\t\t\t<\/div>\n\t\t<div class=\"elementor-element elementor-element-d1e98d1 e-con-full e-flex e-con e-child\" data-id=\"d1e98d1\" data-element_type=\"container\" data-e-type=\"container\">\n\t\t\t\t<div class=\"elementor-element elementor-element-95fc630 elementor-widget elementor-widget-image\" data-id=\"95fc630\" data-element_type=\"widget\" data-e-type=\"widget\" data-widget_type=\"image.default\">\n\t\t\t\t<div class=\"elementor-widget-container\">\n\t\t\t\t\t\t\t\t\t\t\t\t\t\t\t\t<a href=\"https:\/\/lecollectifdigital.lysiana.com\/index.php\/services-marketing\/\">\n\t\t\t\t\t\t\t<img decoding=\"async\" width=\"300\" height=\"200\" src=\"https:\/\/lecollectifdigital.lysiana.com\/wp-content\/uploads\/2024\/07\/marketing-1-300x200.jpg\" class=\"attachment-medium size-medium wp-image-44\" alt=\"Service Marketing Agence Le Collectif Digital\" srcset=\"https:\/\/lecollectifdigital.lysiana.com\/wp-content\/uploads\/2024\/07\/marketing-1-300x200.jpg 300w, https:\/\/lecollectifdigital.lysiana.com\/wp-content\/uploads\/2024\/07\/marketing-1-1024x683.jpg 1024w, https:\/\/lecollectifdigital.lysiana.com\/wp-content\/uploads\/2024\/07\/marketing-1-768x513.jpg 768w, https:\/\/lecollectifdigital.lysiana.com\/wp-content\/uploads\/2024\/07\/marketing-1-1536x1025.jpg 1536w, https:\/\/lecollectifdigital.lysiana.com\/wp-content\/uploads\/2024\/07\/marketing-1-2048x1367.jpg 2048w\" sizes=\"(max-width: 300px) 100vw, 300px\" \/>\t\t\t\t\t\t\t\t<\/a>\n\t\t\t\t\t\t\t\t\t\t\t\t\t\t\t<\/div>\n\t\t\t\t<\/div>\n\t\t\t\t<div class=\"elementor-element elementor-element-67f99a4 elementor-widget elementor-widget-text-editor\" data-id=\"67f99a4\" data-element_type=\"widget\" data-e-type=\"widget\" data-widget_type=\"text-editor.default\">\n\t\t\t\t<div class=\"elementor-widget-container\">\n\t\t\t\t\t\t\t\t\t<h3><a href=\"https:\/\/lecollectifdigital.lysiana.com\/index.php\/services-marketing\/\">Marketing Digital<\/a><\/h3><p>Du niveau strat\u00e9gique au niveau le plus op\u00e9rationnel, nous disposons de toutes les<br \/>comp\u00e9tences pour vous accompagner. SEO, SEA, SMA, marketing de contenu, community management&#8230; et bien plus encore, au service de votre d\u00e9veloppement.<\/p>\t\t\t\t\t\t\t\t<\/div>\n\t\t\t\t<\/div>\n\t\t\t\t<\/div>\n\t\t<div class=\"elementor-element elementor-element-7f1319d e-con-full e-flex e-con e-child\" data-id=\"7f1319d\" data-element_type=\"container\" data-e-type=\"container\">\n\t\t\t\t<div class=\"elementor-element elementor-element-fe6fa90 elementor-widget elementor-widget-image\" data-id=\"fe6fa90\" data-element_type=\"widget\" data-e-type=\"widget\" data-widget_type=\"image.default\">\n\t\t\t\t<div class=\"elementor-widget-container\">\n\t\t\t\t\t\t\t\t\t\t\t\t\t\t\t\t<a href=\"https:\/\/lecollectifdigital.lysiana.com\/index.php\/services\/\">\n\t\t\t\t\t\t\t<img decoding=\"async\" width=\"300\" height=\"200\" src=\"https:\/\/lecollectifdigital.lysiana.com\/wp-content\/uploads\/2024\/07\/design-300x200.jpg\" class=\"attachment-medium size-medium wp-image-22\" alt=\"Service Conception et Design Agence Le Collectif Digital\" srcset=\"https:\/\/lecollectifdigital.lysiana.com\/wp-content\/uploads\/2024\/07\/design-300x200.jpg 300w, https:\/\/lecollectifdigital.lysiana.com\/wp-content\/uploads\/2024\/07\/design-1024x683.jpg 1024w, https:\/\/lecollectifdigital.lysiana.com\/wp-content\/uploads\/2024\/07\/design-768x512.jpg 768w, https:\/\/lecollectifdigital.lysiana.com\/wp-content\/uploads\/2024\/07\/design-1536x1024.jpg 1536w, https:\/\/lecollectifdigital.lysiana.com\/wp-content\/uploads\/2024\/07\/design-2048x1365.jpg 2048w\" sizes=\"(max-width: 300px) 100vw, 300px\" \/>\t\t\t\t\t\t\t\t<\/a>\n\t\t\t\t\t\t\t\t\t\t\t\t\t\t\t<\/div>\n\t\t\t\t<\/div>\n\t\t\t\t<div class=\"elementor-element elementor-element-fb562af elementor-widget elementor-widget-text-editor\" data-id=\"fb562af\" data-element_type=\"widget\" data-e-type=\"widget\" data-widget_type=\"text-editor.default\">\n\t\t\t\t<div class=\"elementor-widget-container\">\n\t\t\t\t\t\t\t\t\t<h3><a href=\"https:\/\/lecollectifdigital.lysiana.com\/index.php\/services\/\">Design<\/a><\/h3><p>Longtemps consid\u00e9r\u00e9 comme le simple habillage graphique, le domaine du design est d\u00e9sormais un \u00e9l\u00e9ment incontournable pour garantir l\u2019appropriation de votre projet par ses utilisateurs. L\u2019UX et l\u2019UI font partie de nos priorit\u00e9s.<\/p>\t\t\t\t\t\t\t\t<\/div>\n\t\t\t\t<\/div>\n\t\t\t\t<\/div>\n\t\t<div class=\"elementor-element elementor-element-1d960e3 e-con-full e-flex e-con e-child\" data-id=\"1d960e3\" data-element_type=\"container\" data-e-type=\"container\">\n\t\t\t\t<div class=\"elementor-element elementor-element-3fd1bb9 elementor-widget elementor-widget-image\" data-id=\"3fd1bb9\" data-element_type=\"widget\" data-e-type=\"widget\" data-widget_type=\"image.default\">\n\t\t\t\t<div class=\"elementor-widget-container\">\n\t\t\t\t\t\t\t\t\t\t\t\t\t\t\t\t<a href=\"https:\/\/lecollectifdigital.lysiana.com\/index.php\/services-dev\/\">\n\t\t\t\t\t\t\t<img loading=\"lazy\" decoding=\"async\" width=\"300\" height=\"200\" src=\"https:\/\/lecollectifdigital.lysiana.com\/wp-content\/uploads\/2024\/07\/dev-300x200.jpg\" class=\"attachment-medium size-medium wp-image-27\" alt=\"Service Conception et Design Agence Le Collectif Digital\" srcset=\"https:\/\/lecollectifdigital.lysiana.com\/wp-content\/uploads\/2024\/07\/dev-300x200.jpg 300w, https:\/\/lecollectifdigital.lysiana.com\/wp-content\/uploads\/2024\/07\/dev-1024x683.jpg 1024w, https:\/\/lecollectifdigital.lysiana.com\/wp-content\/uploads\/2024\/07\/dev-768x512.jpg 768w, https:\/\/lecollectifdigital.lysiana.com\/wp-content\/uploads\/2024\/07\/dev-1536x1024.jpg 1536w, https:\/\/lecollectifdigital.lysiana.com\/wp-content\/uploads\/2024\/07\/dev-2048x1365.jpg 2048w\" sizes=\"(max-width: 300px) 100vw, 300px\" \/>\t\t\t\t\t\t\t\t<\/a>\n\t\t\t\t\t\t\t\t\t\t\t\t\t\t\t<\/div>\n\t\t\t\t<\/div>\n\t\t\t\t<div class=\"elementor-element elementor-element-ffe771b elementor-widget elementor-widget-text-editor\" data-id=\"ffe771b\" data-element_type=\"widget\" data-e-type=\"widget\" data-widget_type=\"text-editor.default\">\n\t\t\t\t<div class=\"elementor-widget-container\">\n\t\t\t\t\t\t\t\t\t<h3><a href=\"https:\/\/lecollectifdigital.lysiana.com\/index.php\/services-dev\/\">D\u00e9veloppement<\/a><\/h3>\nNous avons su rester en veille permanente et faire monter en comp\u00e9tences nos \u00e9quipes, pour proposer le socle technique toujours le plus adapt\u00e9 \u00e0 vos projets.\t\t\t\t\t\t\t\t<\/div>\n\t\t\t\t<\/div>\n\t\t\t\t<\/div>\n\t\t\t\t\t<\/div>\n\t\t\t\t<\/div>\n\t\t<div class=\"elementor-element elementor-element-a410da6 e-flex e-con-boxed e-con e-parent\" data-id=\"a410da6\" data-element_type=\"container\" data-e-type=\"container\">\n\t\t\t\t\t<div class=\"e-con-inner\">\n\t\t\t\t<div class=\"elementor-element elementor-element-1414aa0 elementor-align-center elementor-widget elementor-widget-button\" data-id=\"1414aa0\" data-element_type=\"widget\" data-e-type=\"widget\" data-widget_type=\"button.default\">\n\t\t\t\t<div class=\"elementor-widget-container\">\n\t\t\t\t\t\t\t\t\t<div class=\"elementor-button-wrapper\">\n\t\t\t\t\t<a class=\"elementor-button elementor-button-link elementor-size-sm\" href=\"https:\/\/lecollectifdigital.lysiana.com\/index.php\/contact\/\">\n\t\t\t\t\t\t<span class=\"elementor-button-content-wrapper\">\n\t\t\t\t\t\t\t\t\t<span class=\"elementor-button-text\">Contactez-nous<\/span>\n\t\t\t\t\t<\/span>\n\t\t\t\t\t<\/a>\n\t\t\t\t<\/div>\n\t\t\t\t\t\t\t\t<\/div>\n\t\t\t\t<\/div>\n\t\t\t\t\t<\/div>\n\t\t\t\t<\/div>\n\t\t<div class=\"elementor-element elementor-element-c3b3b31 e-flex e-con-boxed e-con e-parent\" data-id=\"c3b3b31\" data-element_type=\"container\" data-e-type=\"container\">\n\t\t\t\t\t<div class=\"e-con-inner\">\n\t\t\t\t\t<\/div>\n\t\t\t\t<\/div>\n\t\t\t\t<\/div>\n\t\t","protected":false},"excerpt":{"rendered":"<p>Nos services sur mesure Introduction : Que votre besoin concerne un domaine particulier ou que vous ayez besoin d\u2019une \u00e9quipe pluridisciplinaire, l&rsquo;agence Le Collectif Digital r\u00e9pondra \u00e0 vos besoins. Nos responsables de p\u00f4le ont suivi un process de s\u00e9lection des meilleurs freelances pour garantir qualit\u00e9, r\u00e9activit\u00e9 et souplesse au service de votre activit\u00e9. Nous coordonnons [&hellip;]<\/p>\n","protected":false},"author":1,"featured_media":0,"parent":0,"menu_order":0,"comment_status":"closed","ping_status":"closed","template":"","meta":{"ocean_post_layout":"","ocean_both_sidebars_style":"","ocean_both_sidebars_content_width":0,"ocean_both_sidebars_sidebars_width":0,"ocean_sidebar":"","ocean_second_sidebar":"","ocean_disable_margins":"enable","ocean_add_body_class":"","ocean_shortcode_before_top_bar":"","ocean_shortcode_after_top_bar":"","ocean_shortcode_before_header":"","ocean_shortcode_after_header":"","ocean_has_shortcode":"","ocean_shortcode_after_title":"","ocean_shortcode_before_footer_widgets":"","ocean_shortcode_after_footer_widgets":"","ocean_shortcode_before_footer_bottom":"","ocean_shortcode_after_footer_bottom":"","ocean_display_top_bar":"default","ocean_display_header":"default","ocean_header_style":"","ocean_center_header_left_menu":"","ocean_custom_header_template":"","ocean_custom_logo":0,"ocean_custom_retina_logo":0,"ocean_custom_logo_max_width":0,"ocean_custom_logo_tablet_max_width":0,"ocean_custom_logo_mobile_max_width":0,"ocean_custom_logo_max_height":0,"ocean_custom_logo_tablet_max_height":0,"ocean_custom_logo_mobile_max_height":0,"ocean_header_custom_menu":"","ocean_menu_typo_font_family":"","ocean_menu_typo_font_subset":"","ocean_menu_typo_font_size":0,"ocean_menu_typo_font_size_tablet":0,"ocean_menu_typo_font_size_mobile":0,"ocean_menu_typo_font_size_unit":"px","ocean_menu_typo_font_weight":"","ocean_menu_typo_font_weight_tablet":"","ocean_menu_typo_font_weight_mobile":"","ocean_menu_typo_transform":"","ocean_menu_typo_transform_tablet":"","ocean_menu_typo_transform_mobile":"","ocean_menu_typo_line_height":0,"ocean_menu_typo_line_height_tablet":0,"ocean_menu_typo_line_height_mobile":0,"ocean_menu_typo_line_height_unit":"","ocean_menu_typo_spacing":0,"ocean_menu_typo_spacing_tablet":0,"ocean_menu_typo_spacing_mobile":0,"ocean_menu_typo_spacing_unit":"","ocean_menu_link_color":"","ocean_menu_link_color_hover":"","ocean_menu_link_color_active":"","ocean_menu_link_background":"","ocean_menu_link_hover_background":"","ocean_menu_link_active_background":"","ocean_menu_social_links_bg":"","ocean_menu_social_hover_links_bg":"","ocean_menu_social_links_color":"","ocean_menu_social_hover_links_color":"","ocean_disable_title":"on","ocean_disable_heading":"default","ocean_post_title":"","ocean_post_subheading":"","ocean_post_title_style":"","ocean_post_title_background_color":"","ocean_post_title_background":0,"ocean_post_title_bg_image_position":"","ocean_post_title_bg_image_attachment":"","ocean_post_title_bg_image_repeat":"","ocean_post_title_bg_image_size":"","ocean_post_title_height":0,"ocean_post_title_bg_overlay":0.5,"ocean_post_title_bg_overlay_color":"","ocean_disable_breadcrumbs":"default","ocean_breadcrumbs_color":"","ocean_breadcrumbs_separator_color":"","ocean_breadcrumbs_links_color":"","ocean_breadcrumbs_links_hover_color":"","ocean_display_footer_widgets":"default","ocean_display_footer_bottom":"default","ocean_custom_footer_template":"","footnotes":""},"class_list":["post-54","page","type-page","status-publish","hentry","entry"],"_links":{"self":[{"href":"https:\/\/lecollectifdigital.lysiana.com\/index.php\/wp-json\/wp\/v2\/pages\/54","targetHints":{"allow":["GET"]}}],"collection":[{"href":"https:\/\/lecollectifdigital.lysiana.com\/index.php\/wp-json\/wp\/v2\/pages"}],"about":[{"href":"https:\/\/lecollectifdigital.lysiana.com\/index.php\/wp-json\/wp\/v2\/types\/page"}],"author":[{"embeddable":true,"href":"https:\/\/lecollectifdigital.lysiana.com\/index.php\/wp-json\/wp\/v2\/users\/1"}],"replies":[{"embeddable":true,"href":"https:\/\/lecollectifdigital.lysiana.com\/index.php\/wp-json\/wp\/v2\/comments?post=54"}],"version-history":[{"count":95,"href":"https:\/\/lecollectifdigital.lysiana.com\/index.php\/wp-json\/wp\/v2\/pages\/54\/revisions"}],"predecessor-version":[{"id":950,"href":"https:\/\/lecollectifdigital.lysiana.com\/index.php\/wp-json\/wp\/v2\/pages\/54\/revisions\/950"}],"wp:attachment":[{"href":"https:\/\/lecollectifdigital.lysiana.com\/index.php\/wp-json\/wp\/v2\/media?parent=54"}],"curies":[{"name":"wp","href":"https:\/\/api.w.org\/{rel}","templated":true}]}}